{"id":83,"date":"2020-08-18T16:49:16","date_gmt":"2020-08-18T16:49:16","guid":{"rendered":"https:\/\/treningumiejetnoscispolecznych.wordpress.com\/?page_id=83"},"modified":"2025-08-14T15:05:17","modified_gmt":"2025-08-14T13:05:17","slug":"83-2","status":"publish","type":"page","link":"https:\/\/tuswarszawa.pl\/?page_id=83","title":{"rendered":""},"content":{"rendered":"<h4 style=\"text-align: center;\">Pozytywna Dyscyplina dostarcza rodzicom gotowych narz\u0119dzi i technik do pracy nad sob\u0105 i do pracy z dzieckiem.<\/h4>\n<p><img loading=\"lazy\" decoding=\"async\" class=\"  wp-image-85 aligncenter\" src=\"https:\/\/tuswarszawa.pl\/wp-content\/uploads\/2020\/08\/pozytywna-dyscyplina-logo.png\" alt=\"pozytywna dyscyplina logo\" width=\"277\" height=\"106\" srcset=\"https:\/\/tuswarszawa.pl\/wp-content\/uploads\/2020\/08\/pozytywna-dyscyplina-logo.png 859w, https:\/\/tuswarszawa.pl\/wp-content\/uploads\/2020\/08\/pozytywna-dyscyplina-logo-300x115.png 300w, https:\/\/tuswarszawa.pl\/wp-content\/uploads\/2020\/08\/pozytywna-dyscyplina-logo-768x293.png 768w\" sizes=\"auto, (max-width: 277px) 100vw, 277px\" \/><\/p>\n<h4 style=\"text-align: center;\"><strong>POMAGA RODZICOM:<\/strong><\/h4>\n<h4 style=\"text-align: center;\">\u2013 zrozumie\u0107 swoje dzieci<br \/>\n\u2013 wspiera\u0107 naturalny potencja\u0142 dzieci<br \/>\n\u2013 wychowywa\u0107 je na m\u0105drych, pewnych siebie, odpowiedzialnych i wra\u017cliwych doros\u0142ych<br \/>\n\u2013 skutecznie radzi\u0107 sobie z codziennymi trudno\u015bciami, takimi jak ubieranie si\u0119, wychodzenie z domu, sprz\u0105tanie, mycie z\u0119b\u00f3w i tym podobne.<strong style=\"color: var(--color-text); font-size: 1rem;\">\u00a0<\/strong><\/h4>\n<h4 style=\"text-align: center;\"><strong><img loading=\"lazy\" decoding=\"async\" class=\"  wp-image-86 aligncenter\" src=\"https:\/\/tuswarszawa.pl\/wp-content\/uploads\/2020\/08\/pd-serce.png?w=149\" alt=\"pd serce\" width=\"98\" height=\"99\" srcset=\"https:\/\/tuswarszawa.pl\/wp-content\/uploads\/2020\/08\/pd-serce.png 571w, https:\/\/tuswarszawa.pl\/wp-content\/uploads\/2020\/08\/pd-serce-300x300.png 300w, https:\/\/tuswarszawa.pl\/wp-content\/uploads\/2020\/08\/pd-serce-150x150.png 150w\" sizes=\"auto, (max-width: 98px) 100vw, 98px\" \/><\/strong><\/h4>\n<h4 style=\"text-align: center;\"><strong>zosta\u0142a stworzona, aby kszta\u0142ci\u0107 m\u0142odych ludzi do bycia odpowiedzialnymi, pe\u0142nymi szacunku i zaradno\u015bci cz\u0142onkami spo\u0142ecze\u0144stwa.<\/strong><\/h4>\n<p>&nbsp;<\/p>\n<p style=\"text-align: center;\"><b>5\u00a0 FUNDAMENTALNYCH ZASAD POZYTYWNEJ DYSCYPLINY<\/b><\/p>\n<p style=\"text-align: center;\">1. Pomaga dzieciom poczu\u0107 \u0142\u0105czno\u015b\u0107 i przynale\u017cno\u015b\u0107, pomaga im poczu\u0107, \u017ce s\u0105 wa\u017cne w rodzinie i spo\u0142eczno\u015bci.<\/p>\n<p style=\"text-align: center;\">2. Jest jednocze\u015bnie pe\u0142na szacunku i wymagaj\u0105ca: mi\u0119kka i zdecydowana w tym samym czasie, czyli twarda dla problemu i mi\u0119kka dla osoby.<\/p>\n<p style=\"text-align: center;\">3. Jest skuteczna d\u0142ugofalowo: bierze pod uwag\u0119 to, co dziecko my\u015bli, czuje, czego si\u0119 uczy i jakie podejmuje decyzje o sobie samym i o swoim \u015bwiecie i jak decyduje si\u0119 post\u0119powa\u0107 w przysz\u0142o\u015bci, aby przetrwa\u0107 i odnosi\u0107 sukcesy.<\/p>\n<p style=\"text-align: center;\">4. Uczy wa\u017cnych umiej\u0119tno\u015bci spo\u0142ecznych i \u017cyciowych: szacunku, dbania o innych, rozwi\u0105zywania problem\u00f3w, wsp\u00f3\u0142pracy oraz umiej\u0119tno\u015bci wnoszenia wk\u0142adu i bycia po\u017cytecznym w domu, przedszkolu, szkole i wi\u0119kszej spo\u0142eczno\u015bci.<\/p>\n<p style=\"text-align: center;\">5. Zaprasza dzieci do odkrywania, jak bardzo s\u0105 zdolne i kompetentne. Zach\u0119ca je do konstruktywnego u\u017cywania swojej osobistej si\u0142y i autonomii<\/p>\n<p style=\"text-align: center;\"><strong>POZYTYWNA DYSCYPLINA\u00a0<\/strong>jest klasyczn\u0105 metod\u0105 wychowawcz\u0105 rozwijan\u0105\u00a0od 30 lat.\u00a0Jej korzenie si\u0119gaj\u0105 psychologii indywidualnej austriackiego\u00a0psychoterapeuty\u00a0Alfreda Adlera,\u00a0kt\u00f3ry jako jeden z pierwszych zainteresowa\u0142 si\u0119 jednostk\u0105 w szerszym kontek\u015bcie spo\u0142ecznym i uwa\u017ca\u0142, \u017ce wszyscy ludzie maj\u0105 jedno podstawowe pragnienie:\u00a0chc\u0105 czu\u0107, \u017ce przynale\u017c\u0105 i \u017ce s\u0105 wa\u017cni.<\/p>\n<p style=\"text-align: center;\"><strong>Warsztaty dla rodzic\u00f3w prowadzi Sebastian Stafecki, certyfikowany edukator.<\/strong><strong>\u00a0<\/strong><\/p>\n<p style=\"text-align: center;\">Masz do\u015b\u0107 ci\u0105g\u0142ej walki o wstawanie, ubieranie si\u0119, zjadanie posi\u0142k\u00f3w czy odrabianie lekcji?<\/p>\n<p style=\"text-align: center;\">Ogarnia Ci\u0119 bezsilno\u015b\u0107 i z\u0142o\u015b\u0107 na siebie i swoje dziecko?<\/p>\n<p style=\"text-align: center;\">Chcesz skutecznych wskaz\u00f3wek, co robi\u0107 z korzy\u015bci\u0105 dla siebie i dziecka?<\/p>\n<p style=\"text-align: center;\">odpowiedzi\u0105 jest:<\/p>\n<p><img loading=\"lazy\" decoding=\"async\" class=\"  wp-image-85 aligncenter\" src=\"https:\/\/tuswarszawa.pl\/wp-content\/uploads\/2020\/08\/pozytywna-dyscyplina-logo.png\" alt=\"pozytywna dyscyplina logo\" width=\"301\" height=\"115\" srcset=\"https:\/\/tuswarszawa.pl\/wp-content\/uploads\/2020\/08\/pozytywna-dyscyplina-logo.png 859w, https:\/\/tuswarszawa.pl\/wp-content\/uploads\/2020\/08\/pozytywna-dyscyplina-logo-300x115.png 300w, https:\/\/tuswarszawa.pl\/wp-content\/uploads\/2020\/08\/pozytywna-dyscyplina-logo-768x293.png 768w\" sizes=\"auto, (max-width: 301px) 100vw, 301px\" \/><\/p>\n<p>&nbsp;<\/p>\n<p style=\"text-align: center;\"><strong>Rodzice dzieci ucz\u0119szczaj\u0105cych na Trening Umiej\u0119tno\u015bci Spo\u0142ecznych otrzymuj\u0105 30% rabat na warsztaty z pozytywnej dyscypliny.<\/strong><\/p>\n<p>&nbsp;<\/p>\n","protected":false},"excerpt":{"rendered":"<p>Pozytywna Dyscyplina dostarcza rodzicom gotowych narz\u0119dzi i technik do pracy nad sob\u0105 i do pracy z dzieckiem. POMAGA RODZICOM: \u2013 zrozumie\u0107 swoje dzieci \u2013 wspiera\u0107 naturalny potencja\u0142 dzieci \u2013 wychowywa\u0107 je na m\u0105drych, pewnych siebie, odpowiedzialnych i wra\u017cliwych doros\u0142ych \u2013 skutecznie radzi\u0107 sobie z codziennymi trudno\u015bciami, takimi jak ubieranie si\u0119, wychodzenie z domu, sprz\u0105tanie, mycie [&hellip;]<\/p>\n","protected":false},"author":2,"featured_media":0,"parent":0,"menu_order":0,"comment_status":"closed","ping_status":"closed","template":"","meta":{"footnotes":""},"class_list":["post-83","page","type-page","status-publish","hentry"],"_links":{"self":[{"href":"https:\/\/tuswarszawa.pl\/index.php?rest_route=\/wp\/v2\/pages\/83","targetHints":{"allow":["GET"]}}],"collection":[{"href":"https:\/\/tuswarszawa.pl\/index.php?rest_route=\/wp\/v2\/pages"}],"about":[{"href":"https:\/\/tuswarszawa.pl\/index.php?rest_route=\/wp\/v2\/types\/page"}],"author":[{"embeddable":true,"href":"https:\/\/tuswarszawa.pl\/index.php?rest_route=\/wp\/v2\/users\/2"}],"replies":[{"embeddable":true,"href":"https:\/\/tuswarszawa.pl\/index.php?rest_route=%2Fwp%2Fv2%2Fcomments&post=83"}],"version-history":[{"count":4,"href":"https:\/\/tuswarszawa.pl\/index.php?rest_route=\/wp\/v2\/pages\/83\/revisions"}],"predecessor-version":[{"id":163,"href":"https:\/\/tuswarszawa.pl\/index.php?rest_route=\/wp\/v2\/pages\/83\/revisions\/163"}],"wp:attachment":[{"href":"https:\/\/tuswarszawa.pl\/index.php?rest_route=%2Fwp%2Fv2%2Fmedia&parent=83"}],"curies":[{"name":"wp","href":"https:\/\/api.w.org\/{rel}","templated":true}]}}