{"id":7,"date":"2018-07-27T11:52:09","date_gmt":"2018-07-27T11:52:09","guid":{"rendered":"https:\/\/treningumiejetnoscispolecznych.wordpress.com\/?page_id=2"},"modified":"2025-08-14T15:07:34","modified_gmt":"2025-08-14T13:07:34","slug":"contact","status":"publish","type":"page","link":"https:\/\/tuswarszawa.pl\/?page_id=7","title":{"rendered":""},"content":{"rendered":"<p>Trening Umiej\u0119tno\u015bci Spo\u0142ecznych<\/p>\n<p>e-mail: staffart@wp.pl<\/p>\n<p>tel:\u00a0 +48 601092442 (Piast\u00f3w, Falenty)<\/p>\n<p>+48 608 235 358 (W\u0142ochy)<\/p>\n","protected":false},"excerpt":{"rendered":"<p>Trening Umiej\u0119tno\u015bci Spo\u0142ecznych e-mail: staffart@wp.pl tel:\u00a0 +48 601092442 (Piast\u00f3w, Falenty) +48 608 235 358 (W\u0142ochy)<\/p>\n","protected":false},"author":2,"featured_media":0,"parent":0,"menu_order":3,"comment_status":"closed","ping_status":"closed","template":"","meta":{"footnotes":""},"class_list":["post-7","page","type-page","status-publish","hentry"],"_links":{"self":[{"href":"https:\/\/tuswarszawa.pl\/index.php?rest_route=\/wp\/v2\/pages\/7","targetHints":{"allow":["GET"]}}],"collection":[{"href":"https:\/\/tuswarszawa.pl\/index.php?rest_route=\/wp\/v2\/pages"}],"about":[{"href":"https:\/\/tuswarszawa.pl\/index.php?rest_route=\/wp\/v2\/types\/page"}],"author":[{"embeddable":true,"href":"https:\/\/tuswarszawa.pl\/index.php?rest_route=\/wp\/v2\/users\/2"}],"replies":[{"embeddable":true,"href":"https:\/\/tuswarszawa.pl\/index.php?rest_route=%2Fwp%2Fv2%2Fcomments&post=7"}],"version-history":[{"count":3,"href":"https:\/\/tuswarszawa.pl\/index.php?rest_route=\/wp\/v2\/pages\/7\/revisions"}],"predecessor-version":[{"id":166,"href":"https:\/\/tuswarszawa.pl\/index.php?rest_route=\/wp\/v2\/pages\/7\/revisions\/166"}],"wp:attachment":[{"href":"https:\/\/tuswarszawa.pl\/index.php?rest_route=%2Fwp%2Fv2%2Fmedia&parent=7"}],"curies":[{"name":"wp","href":"https:\/\/api.w.org\/{rel}","templated":true}]}}