{"id":62,"date":"2018-07-31T13:14:18","date_gmt":"2018-07-31T13:14:18","guid":{"rendered":"https:\/\/treningumiejetnoscispolecznych.wordpress.com\/?page_id=62"},"modified":"2025-08-18T21:57:35","modified_gmt":"2025-08-18T19:57:35","slug":"62-2","status":"publish","type":"page","link":"https:\/\/tuswarszawa.pl\/?page_id=62","title":{"rendered":""},"content":{"rendered":"<p><strong><span style=\"color: #333333;\"><span style=\"font-family: Libre Franklin, Helvetica Neue;\"><span style=\"font-size: medium;\"><u><b>WTOREK :<\/b><\/u><\/span><\/span><\/span><\/strong><\/p>\n<h6 class=\"western\"><em><span style=\"color: #333333;\"><span style=\"font-family: Libre Franklin, Helvetica Neue;\"><i><b>(DOM KULTURY \u201eW\u0141OCHY\u201d,\u00a0 Warszawa, ul. Boles\u0142awa Chrobrego 27)<\/b><\/i><\/span><\/span><\/em><\/h6>\n<p><span style=\"color: #333333;\"><span style=\"font-family: Libre Franklin, Helvetica Neue;\"><span style=\"font-size: medium;\">godz. 16.00 -16.55, grupa wiekowa 5-7 lat<\/span><\/span><\/span><\/p>\n<p><span style=\"color: #333333;\"><span style=\"font-family: Libre Franklin, Helvetica Neue;\"><span style=\"font-size: medium;\">godz. 17.00-17.55, grupa wiekowa 8-10 lat<\/span><\/span><\/span><\/p>\n<p><span style=\"color: #333333;\"><span style=\"font-family: Libre Franklin, Helvetica Neue;\"><span style=\"font-size: medium;\">godz. 18.00-18.55 grupa wiekowa 9-12 lat<\/span><\/span><\/span><\/p>\n<p><span style=\"color: #333333;\"><span style=\"font-family: Libre Franklin, Helvetica Neue;\"><span style=\"font-size: medium;\">godz. 19.00-19.55 grupa wiekowa 12-15 lat<\/span><\/span><\/span><\/p>\n<p><strong><span style=\"color: #333333;\"><span style=\"font-family: Libre Franklin, Helvetica Neue;\"><span style=\"font-size: medium;\"><u><b>\u015aRODA :<\/b><\/u><\/span><\/span><\/span><\/strong><\/p>\n<h6 class=\"western\"><em><span style=\"color: #333333;\"><span style=\"font-family: Libre Franklin, Helvetica Neue;\"><i><b>(CK RASZYN &#8211; FILIA FALENTY &#8211; aleja Hrabska 2 )<\/b><\/i><\/span><\/span><\/em><\/h6>\n<p><span style=\"color: #333333;\"><span style=\"font-family: Libre Franklin, Helvetica Neue;\"><span style=\"font-size: medium;\">godz. 16.00 -16.55, grupa wiekowa 5-7 lat<\/span><\/span><\/span><\/p>\n<p><span style=\"color: #333333;\"><span style=\"font-family: Libre Franklin, Helvetica Neue;\"><span style=\"font-size: medium;\">godz. 17.00-17.55, grupa wiekowa 8-10 lat<\/span><\/span><\/span><\/p>\n<p><span style=\"color: #333333;\"><span style=\"font-family: Libre Franklin, Helvetica Neue;\"><span style=\"font-size: medium;\">godz. 18.00-18.55 grupa wiekowa 10-13 lat<\/span><\/span><\/span><\/p>\n<p><strong><span style=\"color: #333333;\"><span style=\"font-family: Libre Franklin, Helvetica Neue;\"><span style=\"font-size: medium;\"><u><b>SOBOTA:<\/b><\/u><\/span><\/span><\/span><\/strong><\/p>\n<h6 class=\"western\"><em><span style=\"color: #333333;\"><span style=\"font-family: Libre Franklin, Helvetica Neue;\"><i><b>(MOK PIAST\u00d3W, PIAST\u00d3W, ul. Warszawska 24)<\/b><\/i><\/span><\/span><\/em><\/h6>\n<p><span style=\"color: #333333;\"><span style=\"font-family: Libre Franklin, Helvetica Neue;\"><span style=\"font-size: medium;\">godz. 9.30 \u2013 10.30, grupa wiekowa do uzgodnienia<\/span><\/span><\/span><\/p>\n<p><span style=\"color: #333333;\"><span style=\"font-family: Libre Franklin, Helvetica Neue;\"><span style=\"font-size: medium;\">godz. 10.40-11.40, grupa wiekowa do uzgodnienia<\/span><\/span><\/span><\/p>\n<p><span style=\"color: #333333;\"><span style=\"font-family: Libre Franklin, Helvetica Neue;\"><span style=\"font-size: medium;\">godz. 11.45-12.45, grupa wiekowa do uzgodnienia<\/span><\/span><\/span><\/p>\n<p><strong><span style=\"color: #333333;\"><span style=\"font-family: Libre Franklin, Helvetica Neue;\"><span style=\"font-size: medium;\"><b>KOSZT: w zale\u017cno\u015bci od lokalizacji: 280-300 z\u0142\/ 4 zaj\u0119cia w miesi\u0105cu\u00a0<\/b><\/span><\/span><\/span><\/strong><\/p>\n<p><span style=\"color: #333333;\"><span style=\"font-family: Libre Franklin, Helvetica Neue;\"><span style=\"font-size: medium;\">Wiek podajemy orientacyjnie, do grupy kwalifikuje prowadz\u0105cy po rozmowie z rodzicami uczestnika.<\/span><\/span><\/span><\/p>\n<p><span style=\"color: #333333;\"><span style=\"font-family: Libre Franklin, Helvetica Neue;\"><span style=\"font-size: medium;\">Istnieje mo\u017cliwo\u015b\u0107 stworzenia nowych grup.<\/span><\/span><\/span><\/p>\n<p><span style=\"color: #333333;\"><span style=\"font-family: Libre Franklin, Helvetica Neue;\"><span style=\"font-size: medium;\"><strong>Informacje i zapisy:\u00a0<\/strong> 601092442 (Piast\u00f3w, Falenty),\u00a0 <\/span><\/span><\/span><span style=\"color: #333333;\"><span style=\"font-family: Libre Franklin, Helvetica Neue;\"><span style=\"font-size: medium;\">608235358 (W\u0142ochy)<\/span><\/span><\/span><\/p>\n<p><strong><span style=\"color: #333333;\"><span style=\"font-family: Libre Franklin, Helvetica Neue;\"><span style=\"font-size: medium;\"><b>Rodzice dzieci ucz\u0119szczaj\u0105cych na Trening Umiej\u0119tno\u015bci Spo\u0142ecznych otrzymuj\u0105 30% rabat na warsztaty z pozytywnej dyscypliny.\u00a0<\/b><\/span><\/span><\/span><\/strong><\/p>\n\n\n<p><\/p>\n","protected":false},"excerpt":{"rendered":"<p>WTOREK : (DOM KULTURY \u201eW\u0141OCHY\u201d,\u00a0 Warszawa, ul. Boles\u0142awa Chrobrego 27) godz. 16.00 -16.55, grupa wiekowa 5-7 lat godz. 17.00-17.55, grupa wiekowa 8-10 lat godz. 18.00-18.55 grupa wiekowa 9-12 lat godz. 19.00-19.55 grupa wiekowa 12-15 lat \u015aRODA : (CK RASZYN &#8211; FILIA FALENTY &#8211; aleja Hrabska 2 ) godz. 16.00 -16.55, grupa wiekowa 5-7 lat godz. [&hellip;]<\/p>\n","protected":false},"author":2,"featured_media":0,"parent":0,"menu_order":0,"comment_status":"closed","ping_status":"closed","template":"","meta":{"footnotes":""},"class_list":["post-62","page","type-page","status-publish","hentry"],"_links":{"self":[{"href":"https:\/\/tuswarszawa.pl\/index.php?rest_route=\/wp\/v2\/pages\/62","targetHints":{"allow":["GET"]}}],"collection":[{"href":"https:\/\/tuswarszawa.pl\/index.php?rest_route=\/wp\/v2\/pages"}],"about":[{"href":"https:\/\/tuswarszawa.pl\/index.php?rest_route=\/wp\/v2\/types\/page"}],"author":[{"embeddable":true,"href":"https:\/\/tuswarszawa.pl\/index.php?rest_route=\/wp\/v2\/users\/2"}],"replies":[{"embeddable":true,"href":"https:\/\/tuswarszawa.pl\/index.php?rest_route=%2Fwp%2Fv2%2Fcomments&post=62"}],"version-history":[{"count":10,"href":"https:\/\/tuswarszawa.pl\/index.php?rest_route=\/wp\/v2\/pages\/62\/revisions"}],"predecessor-version":[{"id":174,"href":"https:\/\/tuswarszawa.pl\/index.php?rest_route=\/wp\/v2\/pages\/62\/revisions\/174"}],"wp:attachment":[{"href":"https:\/\/tuswarszawa.pl\/index.php?rest_route=%2Fwp%2Fv2%2Fmedia&parent=62"}],"curies":[{"name":"wp","href":"https:\/\/api.w.org\/{rel}","templated":true}]}}