{"id":31,"date":"2018-07-27T12:51:25","date_gmt":"2018-07-27T12:51:25","guid":{"rendered":"https:\/\/treningumiejetnoscispolecznych.wordpress.com\/?page_id=31"},"modified":"2025-08-13T20:39:57","modified_gmt":"2025-08-13T18:39:57","slug":"strona-glowna","status":"publish","type":"page","link":"https:\/\/tuswarszawa.pl\/","title":{"rendered":""},"content":{"rendered":"\n<p class=\"has-text-align-center has-x-large-font-size\"><strong><em>Trening Umiej\u0119tno\u015bci Spo\u0142ecznych<\/em><\/strong><\/p>\n\n\n\n<p class=\"has-text-align-center has-black-color has-text-color has-link-color has-medium-font-size wp-elements-b96b14c386852d9e6f41beb524891ace\"><em>metod\u0105 Arnolda P.Goldsteina<\/em><\/p>\n\n\n\n<p><\/p>\n","protected":false},"excerpt":{"rendered":"<p>Trening Umiej\u0119tno\u015bci Spo\u0142ecznych metod\u0105 Arnolda P.Goldsteina<\/p>\n","protected":false},"author":2,"featured_media":51,"parent":0,"menu_order":0,"comment_status":"closed","ping_status":"closed","template":"","meta":{"footnotes":""},"class_list":["post-31","page","type-page","status-publish","has-post-thumbnail","hentry"],"_links":{"self":[{"href":"https:\/\/tuswarszawa.pl\/index.php?rest_route=\/wp\/v2\/pages\/31","targetHints":{"allow":["GET"]}}],"collection":[{"href":"https:\/\/tuswarszawa.pl\/index.php?rest_route=\/wp\/v2\/pages"}],"about":[{"href":"https:\/\/tuswarszawa.pl\/index.php?rest_route=\/wp\/v2\/types\/page"}],"author":[{"embeddable":true,"href":"https:\/\/tuswarszawa.pl\/index.php?rest_route=\/wp\/v2\/users\/2"}],"replies":[{"embeddable":true,"href":"https:\/\/tuswarszawa.pl\/index.php?rest_route=%2Fwp%2Fv2%2Fcomments&post=31"}],"version-history":[{"count":7,"href":"https:\/\/tuswarszawa.pl\/index.php?rest_route=\/wp\/v2\/pages\/31\/revisions"}],"predecessor-version":[{"id":143,"href":"https:\/\/tuswarszawa.pl\/index.php?rest_route=\/wp\/v2\/pages\/31\/revisions\/143"}],"wp:featuredmedia":[{"embeddable":true,"href":"https:\/\/tuswarszawa.pl\/index.php?rest_route=\/wp\/v2\/media\/51"}],"wp:attachment":[{"href":"https:\/\/tuswarszawa.pl\/index.php?rest_route=%2Fwp%2Fv2%2Fmedia&parent=31"}],"curies":[{"name":"wp","href":"https:\/\/api.w.org\/{rel}","templated":true}]}}