{"id":11,"date":"2018-07-27T12:11:25","date_gmt":"2018-07-27T12:11:25","guid":{"rendered":"https:\/\/treningumiejetnoscispolecznych.wordpress.com\/?page_id=11"},"modified":"2025-08-14T15:06:59","modified_gmt":"2025-08-14T13:06:59","slug":"o-treningu","status":"publish","type":"page","link":"https:\/\/tuswarszawa.pl\/?page_id=11","title":{"rendered":""},"content":{"rendered":"<p align=\"LEFT\">Trening Umiej\u0119tno\u015bci Spo\u0142ecznych (TUS) jest form\u0105 psychoedukacyjnych zaj\u0119\u0107 grupowych przeznaczon\u0105 dla dzieci z szeroko rozumianymi trudno\u015bciami w interakcjach spo\u0142ecznych. Poprzez trudno\u015bci te rozumie si\u0119 m. in. wycofanie spo\u0142eczne, k\u0142opoty w inicjowaniu i podtrzymywaniu relacji spo\u0142ecznych, brak umiej\u0119tno\u015bci wyra\u017cania w\u0142asnego zdania, trudno\u015bci w rozpoznawaniu i wyra\u017caniu swoich emocji i potrzeb w spos\u00f3b skuteczny a tak\u017ce akceptowalny spo\u0142ecznie.<\/p>\n<p align=\"LEFT\">Istot\u0105 treningu jest nauka konstruktywnych zachowa\u0144 spo\u0142ecznych, mi\u0119dzy innymi:<\/p>\n<ul>\n<li>\n<p align=\"LEFT\">nawi\u0105zywania poprawnych relacji z r\u00f3wie\u015bnikami,<\/p>\n<\/li>\n<li>\n<p align=\"LEFT\">odczytywania i rozumienia emocji,<\/p>\n<\/li>\n<li>\n<p align=\"LEFT\">odpowiednie reagowanie na trudne emocje,<\/p>\n<\/li>\n<li>\n<p align=\"LEFT\">przestrzegania zasad i regulamin\u00f3w,<\/p>\n<\/li>\n<li>\n<p align=\"LEFT\">ponoszenia konsekwencji swojego zachowania<\/p>\n<\/li>\n<li>\n<p align=\"LEFT\">sposob\u00f3w reagowania na zaczepki innych,<\/p>\n<\/li>\n<li>\n<p align=\"LEFT\">panowania nad w\u0142asn\u0105 z\u0142o\u015bci\u0105,<\/p>\n<\/li>\n<li>\n<p align=\"LEFT\">czekania na swoj\u0105 kolej,<\/p>\n<\/li>\n<li>\n<p align=\"LEFT\">rozwi\u0105zywania konflikt\u00f3w z r\u00f3wie\u015bnikami,<\/p>\n<\/li>\n<li>\n<p align=\"LEFT\">akceptowania pora\u017cki,<\/p>\n<\/li>\n<li>\n<p align=\"LEFT\">odczytywania komunikat\u00f3w niewerbalnych,<\/p>\n<\/li>\n<li>\n<p align=\"LEFT\">kontrolowania sposob\u00f3w odreagowania napi\u0119cia emocjonalnego i fizycznego,<\/p>\n<\/li>\n<li>\n<p align=\"LEFT\">koncentracji uwagi i \u0107wiczenie tej umiej\u0119tno\u015bci,<\/p>\n<\/li>\n<li>\n<p align=\"LEFT\">pohamowania spontanicznych nieakceptowanych spo\u0142ecznie reakcji<\/p>\n<\/li>\n<\/ul>\n<p align=\"LEFT\">Dzi\u0119ki temu, \u017ce Trening Umiej\u0119tno\u015bci Spo\u0142ecznych odbywa si\u0119 jako \u201eterapia poprzez zabaw\u0119\u201d dzieci ch\u0119tnie w nim uczestnicz\u0105. Za swoj\u0105 prac\u0119 dzieci otrzymuj\u0105 pozytywne wzmocnienia zar\u00f3wno od trener\u00f3w jaki i r\u00f3wie\u015bnik\u00f3w, co dodatkowo motywuje je do nauki nowych umiej\u0119tno\u015bci. Pozytywne do\u015bwiadczenia nabyte w grupie treningowej wzmacniaj\u0105 samoocen\u0119 dziecka, co zach\u0119ca do powtarzania ich w gronie koleg\u00f3w, poza grup\u0105 terapeutyczn\u0105.<\/p>\n<p align=\"LEFT\">Na zaj\u0119cia zapraszamy wszystkie dzieci, kt\u00f3re s\u0105 nie\u015bmia\u0142e, l\u0119kowe, niech\u0119tnie podejmuj\u0105 interakcje z innymi dzie\u0107mi, dzieci z ADHA, zespo\u0142em Aspergera i wysoko funkcjonuj\u0105cym autyzmem.<\/p>\n<p align=\"LEFT\">Wiek uczestnik\u00f3w: od 5 roku \u017cycia.<\/p>\n<p align=\"LEFT\">Grupy zostan\u0105 podzielone wiekowo w zale\u017cno\u015bci od zakwalifikowanych uczestnik\u00f3w. Maksymalna wielko\u015b\u0107 grupy to 10 os\u00f3b. Kwalifikacja do grupy odbywa si\u0119 na podstawie indywidualnych konsultacji z dzieckiem i rodzicem.<\/p>\n<p>Zapisy: 601 092 442 (Piast\u00f3w, Falenty),\u00a0 608 235 358 (W\u0142ochy)<\/p>\n<p align=\"LEFT\">Trening prowadz\u0105: Izabela i Sebastian Stafeccy , certyfikowani trenerzy Treningu Umiej\u0119tno\u015bci Spo\u0142ecznych oraz Treningu Kontroli Z\u0142o\u015bci.<\/p>\n","protected":false},"excerpt":{"rendered":"<p>Trening Umiej\u0119tno\u015bci Spo\u0142ecznych (TUS) jest form\u0105 psychoedukacyjnych zaj\u0119\u0107 grupowych przeznaczon\u0105 dla dzieci z szeroko rozumianymi trudno\u015bciami w interakcjach spo\u0142ecznych. Poprzez trudno\u015bci te rozumie si\u0119 m. in. wycofanie spo\u0142eczne, k\u0142opoty w inicjowaniu i podtrzymywaniu relacji spo\u0142ecznych, brak umiej\u0119tno\u015bci wyra\u017cania w\u0142asnego zdania, trudno\u015bci w rozpoznawaniu i wyra\u017caniu swoich emocji i potrzeb w spos\u00f3b skuteczny a tak\u017ce akceptowalny [&hellip;]<\/p>\n","protected":false},"author":2,"featured_media":0,"parent":0,"menu_order":2,"comment_status":"closed","ping_status":"closed","template":"","meta":{"footnotes":""},"class_list":["post-11","page","type-page","status-publish","hentry"],"_links":{"self":[{"href":"https:\/\/tuswarszawa.pl\/index.php?rest_route=\/wp\/v2\/pages\/11","targetHints":{"allow":["GET"]}}],"collection":[{"href":"https:\/\/tuswarszawa.pl\/index.php?rest_route=\/wp\/v2\/pages"}],"about":[{"href":"https:\/\/tuswarszawa.pl\/index.php?rest_route=\/wp\/v2\/types\/page"}],"author":[{"embeddable":true,"href":"https:\/\/tuswarszawa.pl\/index.php?rest_route=\/wp\/v2\/users\/2"}],"replies":[{"embeddable":true,"href":"https:\/\/tuswarszawa.pl\/index.php?rest_route=%2Fwp%2Fv2%2Fcomments&post=11"}],"version-history":[{"count":5,"href":"https:\/\/tuswarszawa.pl\/index.php?rest_route=\/wp\/v2\/pages\/11\/revisions"}],"predecessor-version":[{"id":165,"href":"https:\/\/tuswarszawa.pl\/index.php?rest_route=\/wp\/v2\/pages\/11\/revisions\/165"}],"wp:attachment":[{"href":"https:\/\/tuswarszawa.pl\/index.php?rest_route=%2Fwp%2Fv2%2Fmedia&parent=11"}],"curies":[{"name":"wp","href":"https:\/\/api.w.org\/{rel}","templated":true}]}}